{"id":322,"date":"2021-02-23T16:14:03","date_gmt":"2021-02-23T15:14:03","guid":{"rendered":"https:\/\/douceheuredessens.fr\/?page_id=322"},"modified":"2021-03-14T18:47:21","modified_gmt":"2021-03-14T17:47:21","slug":"soin-enelph","status":"publish","type":"page","link":"https:\/\/douceheuredessens.fr\/index.php\/soin-enelph\/","title":{"rendered":"Soin Enelph"},"content":{"rendered":"[vc_row thb_full_width=\u00a0\u00bbtrue\u00a0\u00bb thb_row_padding=\u00a0\u00bbtrue\u00a0\u00bb thb_column_padding=\u00a0\u00bbtrue\u00a0\u00bb css=\u00a0\u00bb.vc_custom_1614092472991{padding-bottom: 8vh !important;background-image: url(https:\/\/douceheuredessens.fr\/wp-content\/uploads\/2021\/02\/soin-reiki.png?id=318) !important;background-position: center !important;background-repeat: no-repeat !important;background-size: cover !important;}\u00a0\u00bb][vc_column][vc_row_inner][vc_column_inner][vc_empty_space height=\u00a0\u00bb100px\u00a0\u00bb][vc_column_text]\n<h1 style=\"text-align: left;\"><span style=\"color: #ffffff;\">Le Soin Enelph<\/span><\/h1>\n[\/vc_column_text][\/vc_column_inner][\/vc_row_inner][\/vc_column][\/vc_row][vc_row css=\u00a0\u00bb.vc_custom_1614091569680{padding-top: 5vh !important;}\u00a0\u00bb][vc_column][vc_column_text]\n<blockquote>\n<p style=\"text-align: center;\">La m\u00e9thode Enelph permet de r\u00e9\u00e9quilibrer \u00e9nerg\u00e9tiquement notre corps. Ce soin tr\u00e8s doux, enveloppant, harmonieux permet une r\u00e9conciliation avec son \u00eatre profond. Le soin Enelph lib\u00e8re les blocages et les m\u00e9moires situ\u00e9s le long de la colonne vert\u00e9brale.<\/p>\n<\/blockquote>\n[\/vc_column_text][vc_column_text]<img loading=\"lazy\" decoding=\"async\" class=\"wp-image-189 size-large aligncenter\" src=\"https:\/\/unebulleasoi.care\/wp-content\/uploads\/2020\/04\/line-web-1024x116.png\" alt=\"\" width=\"1024\" height=\"116\" srcset=\"https:\/\/douceheuredessens.fr\/wp-content\/uploads\/2020\/04\/line-web-1024x116.png 1024w, https:\/\/douceheuredessens.fr\/wp-content\/uploads\/2020\/04\/line-web-300x34.png 300w, https:\/\/douceheuredessens.fr\/wp-content\/uploads\/2020\/04\/line-web-768x87.png 768w, https:\/\/douceheuredessens.fr\/wp-content\/uploads\/2020\/04\/line-web-380x43.png 380w, https:\/\/douceheuredessens.fr\/wp-content\/uploads\/2020\/04\/line-web-190x22.png 190w, https:\/\/douceheuredessens.fr\/wp-content\/uploads\/2020\/04\/line-web-760x86.png 760w, https:\/\/douceheuredessens.fr\/wp-content\/uploads\/2020\/04\/line-web-20x2.png 20w\" sizes=\"auto, (max-width: 1024px) 100vw, 1024px\" \/>[\/vc_column_text][vc_row_inner][vc_column_inner width=\u00a0\u00bb1\/6&Prime;][\/vc_column_inner][vc_column_inner width=\u00a0\u00bb2\/3&Prime;][vc_column_text]\n<p style=\"text-align: center;\">Le premier massage Enelph, appel\u00e9 soin de base se situe principalement autour de la colonne vert\u00e9brale.<br \/>\nPuis d\u2019autres soins plus sp\u00e9cifiques vous seront propos\u00e9s :<\/p>\n[\/vc_column_text][\/vc_column_inner][vc_column_inner width=\u00a0\u00bb1\/6&Prime;][\/vc_column_inner][\/vc_row_inner][\/vc_column][\/vc_row][vc_row css=\u00a0\u00bb.vc_custom_1588424658190{padding-top: 10vh !important;padding-bottom: 10vh !important;}\u00a0\u00bb][vc_column][vc_row_inner thb_max_width=\u00a0\u00bb\u00a0\u00bb][vc_column_inner width=\u00a0\u00bb1\/4&Prime; css=\u00a0\u00bb.vc_custom_1517926044471{padding-right: 10% !important;}\u00a0\u00bb]\t<div id=\"thb-iconbox-69f0ba8464914\" class=\"thb-iconbox top type3  has-img  text-center animation-true\" href=\"\" target=\"_self\" data-animation_speed=\"1.5\">\n\t\t\t\t<figure>\n\t\t\t\t\t\t\t<div class=\"iconbox-image\">\n\t\t\t\t\t<img loading=\"lazy\" decoding=\"async\" width=\"512\" height=\"512\" src=\"https:\/\/douceheuredessens.fr\/wp-content\/uploads\/2021\/02\/002-calm.png\" class=\"thb_image attachment-full\" alt=\"\" srcset=\"https:\/\/douceheuredessens.fr\/wp-content\/uploads\/2021\/02\/002-calm.png 512w, https:\/\/douceheuredessens.fr\/wp-content\/uploads\/2021\/02\/002-calm-300x300.png 300w, https:\/\/douceheuredessens.fr\/wp-content\/uploads\/2021\/02\/002-calm-150x150.png 150w, https:\/\/douceheuredessens.fr\/wp-content\/uploads\/2021\/02\/002-calm-200x200.png 200w, https:\/\/douceheuredessens.fr\/wp-content\/uploads\/2021\/02\/002-calm-100x100.png 100w, https:\/\/douceheuredessens.fr\/wp-content\/uploads\/2021\/02\/002-calm-380x380.png 380w, https:\/\/douceheuredessens.fr\/wp-content\/uploads\/2021\/02\/002-calm-20x20.png 20w, https:\/\/douceheuredessens.fr\/wp-content\/uploads\/2021\/02\/002-calm-190x190.png 190w\" sizes=\"auto, (max-width: 512px) 100vw, 512px\" \/>\t\t\t\t\t\t\t\t\t<\/div>\n\t\t\t\t\t\t\t\t\t\t\t\t<\/figure>\n\t\t\t\t<div class=\"iconbox-content\">\n\t\t\t\t\t\t\t<h5>Soin du stress et des phobies<\/h5>\t\t\t\t\t\t\t\t<\/div>\n\t\t<style>\n\t\t\t\t\t\t\t\t\t#thb-iconbox-69f0ba8464914.thb-iconbox h5 {\n\t\t\t  font-size: 22px;\n\t\t\t}\n\t\t\t\t\t\t\t\t\t\t\t\t\t\t\t\t#thb-iconbox-69f0ba8464914.thb-iconbox .iconbox-image img {\n\t\t\t\t\twidth: 88px;\n\t\t\t\t\theight: auto;\n\t\t\t\t}\n\t\t\t\t\t\t\t\t\t#thb-iconbox-69f0ba8464914.thb-iconbox .iconbox-content h5,\n\t\t\t#thb-iconbox-69f0ba8464914.thb-iconbox figure h5 {\n\t\t\t\tcolor: #ebb5a8;\n\t\t\t}\n\t\t\t\t\t\t\t\t\t#thb-iconbox-69f0ba8464914.thb-iconbox .iconbox-content p,\n\t\t\t#thb-iconbox-69f0ba8464914.thb-iconbox .iconbox-content span {\n\t\t\t\tcolor: #3d3d55;\n\t\t\t}\n\n\t\t\t#thb-iconbox-69f0ba8464914.thb-iconbox .iconbox-content svg,\n\t\t\t#thb-iconbox-69f0ba8464914.thb-iconbox .iconbox-content svg .bar {\n\t\t\t\tfill: #3d3d55;\n\t\t\t}\n\t\t\t#thb-iconbox-69f0ba8464914.thb-iconbox .btn-text.style2:before,\n\t\t\t#thb-iconbox-69f0ba8464914.thb-iconbox .btn-text.style2:after {\n\t\t\t\tbackground: #3d3d55;\n\t\t\t}\n\t\t\t\t\t\t\/* Hover *\/\n\t\t\t\t\t\t\t\t\t\t\t<\/style>\n\t<\/div>\n\t[\/vc_column_inner][vc_column_inner width=\u00a0\u00bb1\/4&Prime; css=\u00a0\u00bb.vc_custom_1517926155974{padding-right: 10% !important;}\u00a0\u00bb]\t<div id=\"thb-iconbox-69f0ba8464e80\" class=\"thb-iconbox top type3  has-img  text-center animation-true\" href=\"\" target=\"_self\" data-animation_speed=\"1.5\">\n\t\t\t\t<figure>\n\t\t\t\t\t\t\t<div class=\"iconbox-image\">\n\t\t\t\t\t<img loading=\"lazy\" decoding=\"async\" width=\"512\" height=\"512\" src=\"https:\/\/douceheuredessens.fr\/wp-content\/uploads\/2021\/02\/004-ying-yang.png\" class=\"thb_image attachment-full\" alt=\"\" srcset=\"https:\/\/douceheuredessens.fr\/wp-content\/uploads\/2021\/02\/004-ying-yang.png 512w, https:\/\/douceheuredessens.fr\/wp-content\/uploads\/2021\/02\/004-ying-yang-300x300.png 300w, https:\/\/douceheuredessens.fr\/wp-content\/uploads\/2021\/02\/004-ying-yang-150x150.png 150w, https:\/\/douceheuredessens.fr\/wp-content\/uploads\/2021\/02\/004-ying-yang-200x200.png 200w, https:\/\/douceheuredessens.fr\/wp-content\/uploads\/2021\/02\/004-ying-yang-100x100.png 100w, https:\/\/douceheuredessens.fr\/wp-content\/uploads\/2021\/02\/004-ying-yang-380x380.png 380w, https:\/\/douceheuredessens.fr\/wp-content\/uploads\/2021\/02\/004-ying-yang-20x20.png 20w, https:\/\/douceheuredessens.fr\/wp-content\/uploads\/2021\/02\/004-ying-yang-190x190.png 190w\" sizes=\"auto, (max-width: 512px) 100vw, 512px\" \/>\t\t\t\t\t\t\t\t\t<\/div>\n\t\t\t\t\t\t\t\t\t\t\t\t<\/figure>\n\t\t\t\t<div class=\"iconbox-content\">\n\t\t\t\t\t\t\t<h5>Soin d\u2019am\u00e9lioration de la circulation<\/h5>\t\t\t\t\t\t\t\t<\/div>\n\t\t<style>\n\t\t\t\t\t\t\t\t\t#thb-iconbox-69f0ba8464e80.thb-iconbox h5 {\n\t\t\t  font-size: 22px;\n\t\t\t}\n\t\t\t\t\t\t\t\t\t\t\t\t\t\t\t\t#thb-iconbox-69f0ba8464e80.thb-iconbox .iconbox-image img {\n\t\t\t\t\twidth: 88px;\n\t\t\t\t\theight: auto;\n\t\t\t\t}\n\t\t\t\t\t\t\t\t\t#thb-iconbox-69f0ba8464e80.thb-iconbox .iconbox-content h5,\n\t\t\t#thb-iconbox-69f0ba8464e80.thb-iconbox figure h5 {\n\t\t\t\tcolor: #ebb5a8;\n\t\t\t}\n\t\t\t\t\t\t\t\t\t#thb-iconbox-69f0ba8464e80.thb-iconbox .iconbox-content p,\n\t\t\t#thb-iconbox-69f0ba8464e80.thb-iconbox .iconbox-content span {\n\t\t\t\tcolor: #3d3d55;\n\t\t\t}\n\n\t\t\t#thb-iconbox-69f0ba8464e80.thb-iconbox .iconbox-content svg,\n\t\t\t#thb-iconbox-69f0ba8464e80.thb-iconbox .iconbox-content svg .bar {\n\t\t\t\tfill: #3d3d55;\n\t\t\t}\n\t\t\t#thb-iconbox-69f0ba8464e80.thb-iconbox .btn-text.style2:before,\n\t\t\t#thb-iconbox-69f0ba8464e80.thb-iconbox .btn-text.style2:after {\n\t\t\t\tbackground: #3d3d55;\n\t\t\t}\n\t\t\t\t\t\t\/* Hover *\/\n\t\t\t\t\t\t\t\t\t\t\t<\/style>\n\t<\/div>\n\t[\/vc_column_inner][vc_column_inner width=\u00a0\u00bb1\/4&Prime;]\t<div id=\"thb-iconbox-69f0ba84651ea\" class=\"thb-iconbox top type3  has-img  text-center animation-true\" href=\"\" target=\"_self\" data-animation_speed=\"1.5\">\n\t\t\t\t<figure>\n\t\t\t\t\t\t\t<div class=\"iconbox-image\">\n\t\t\t\t\t<img loading=\"lazy\" decoding=\"async\" width=\"512\" height=\"512\" src=\"https:\/\/douceheuredessens.fr\/wp-content\/uploads\/2021\/02\/001-empathy.png\" class=\"thb_image attachment-full\" alt=\"\" srcset=\"https:\/\/douceheuredessens.fr\/wp-content\/uploads\/2021\/02\/001-empathy.png 512w, https:\/\/douceheuredessens.fr\/wp-content\/uploads\/2021\/02\/001-empathy-300x300.png 300w, https:\/\/douceheuredessens.fr\/wp-content\/uploads\/2021\/02\/001-empathy-150x150.png 150w, https:\/\/douceheuredessens.fr\/wp-content\/uploads\/2021\/02\/001-empathy-200x200.png 200w, https:\/\/douceheuredessens.fr\/wp-content\/uploads\/2021\/02\/001-empathy-100x100.png 100w, https:\/\/douceheuredessens.fr\/wp-content\/uploads\/2021\/02\/001-empathy-380x380.png 380w, https:\/\/douceheuredessens.fr\/wp-content\/uploads\/2021\/02\/001-empathy-20x20.png 20w, https:\/\/douceheuredessens.fr\/wp-content\/uploads\/2021\/02\/001-empathy-190x190.png 190w\" sizes=\"auto, (max-width: 512px) 100vw, 512px\" \/>\t\t\t\t\t\t\t\t\t<\/div>\n\t\t\t\t\t\t\t\t\t\t\t\t<\/figure>\n\t\t\t\t<div class=\"iconbox-content\">\n\t\t\t\t\t\t\t<h5>Soins physique, mental \u00e9motionnel<\/h5>\t\t\t\t\t\t\t\t<\/div>\n\t\t<style>\n\t\t\t\t\t\t\t\t\t#thb-iconbox-69f0ba84651ea.thb-iconbox h5 {\n\t\t\t  font-size: 22px;\n\t\t\t}\n\t\t\t\t\t\t\t\t\t\t\t\t\t\t\t\t#thb-iconbox-69f0ba84651ea.thb-iconbox .iconbox-image img {\n\t\t\t\t\twidth: 88px;\n\t\t\t\t\theight: auto;\n\t\t\t\t}\n\t\t\t\t\t\t\t\t\t#thb-iconbox-69f0ba84651ea.thb-iconbox .iconbox-content h5,\n\t\t\t#thb-iconbox-69f0ba84651ea.thb-iconbox figure h5 {\n\t\t\t\tcolor: #ebb5a8;\n\t\t\t}\n\t\t\t\t\t\t\t\t\t#thb-iconbox-69f0ba84651ea.thb-iconbox .iconbox-content p,\n\t\t\t#thb-iconbox-69f0ba84651ea.thb-iconbox .iconbox-content span {\n\t\t\t\tcolor: #3d3d55;\n\t\t\t}\n\n\t\t\t#thb-iconbox-69f0ba84651ea.thb-iconbox .iconbox-content svg,\n\t\t\t#thb-iconbox-69f0ba84651ea.thb-iconbox .iconbox-content svg .bar {\n\t\t\t\tfill: #3d3d55;\n\t\t\t}\n\t\t\t#thb-iconbox-69f0ba84651ea.thb-iconbox .btn-text.style2:before,\n\t\t\t#thb-iconbox-69f0ba84651ea.thb-iconbox .btn-text.style2:after {\n\t\t\t\tbackground: #3d3d55;\n\t\t\t}\n\t\t\t\t\t\t\/* Hover *\/\n\t\t\t\t\t\t\t\t\t\t\t<\/style>\n\t<\/div>\n\t[\/vc_column_inner][vc_column_inner width=\u00a0\u00bb1\/4&Prime;]\t<div id=\"thb-iconbox-69f0ba8465516\" class=\"thb-iconbox top type3  has-img  text-center animation-true\" href=\"\" target=\"_self\" data-animation_speed=\"1.5\">\n\t\t\t\t<figure>\n\t\t\t\t\t\t\t<div class=\"iconbox-image\">\n\t\t\t\t\t<img loading=\"lazy\" decoding=\"async\" width=\"512\" height=\"512\" src=\"https:\/\/douceheuredessens.fr\/wp-content\/uploads\/2021\/02\/003-zen.png\" class=\"thb_image attachment-full\" alt=\"\" srcset=\"https:\/\/douceheuredessens.fr\/wp-content\/uploads\/2021\/02\/003-zen.png 512w, https:\/\/douceheuredessens.fr\/wp-content\/uploads\/2021\/02\/003-zen-300x300.png 300w, https:\/\/douceheuredessens.fr\/wp-content\/uploads\/2021\/02\/003-zen-150x150.png 150w, https:\/\/douceheuredessens.fr\/wp-content\/uploads\/2021\/02\/003-zen-200x200.png 200w, https:\/\/douceheuredessens.fr\/wp-content\/uploads\/2021\/02\/003-zen-100x100.png 100w, https:\/\/douceheuredessens.fr\/wp-content\/uploads\/2021\/02\/003-zen-380x380.png 380w, https:\/\/douceheuredessens.fr\/wp-content\/uploads\/2021\/02\/003-zen-20x20.png 20w, https:\/\/douceheuredessens.fr\/wp-content\/uploads\/2021\/02\/003-zen-190x190.png 190w\" sizes=\"auto, (max-width: 512px) 100vw, 512px\" \/>\t\t\t\t\t\t\t\t\t<\/div>\n\t\t\t\t\t\t\t\t\t\t\t\t<\/figure>\n\t\t\t\t<div class=\"iconbox-content\">\n\t\t\t\t\t\t\t<h5>Soin d\u2019\u00e9quilibrage total<\/h5>\t\t\t\t\t\t\t\t<\/div>\n\t\t<style>\n\t\t\t\t\t\t\t\t\t#thb-iconbox-69f0ba8465516.thb-iconbox h5 {\n\t\t\t  font-size: 22px;\n\t\t\t}\n\t\t\t\t\t\t\t\t\t\t\t\t\t\t\t\t#thb-iconbox-69f0ba8465516.thb-iconbox .iconbox-image img {\n\t\t\t\t\twidth: 88px;\n\t\t\t\t\theight: auto;\n\t\t\t\t}\n\t\t\t\t\t\t\t\t\t#thb-iconbox-69f0ba8465516.thb-iconbox .iconbox-content h5,\n\t\t\t#thb-iconbox-69f0ba8465516.thb-iconbox figure h5 {\n\t\t\t\tcolor: #ebb5a8;\n\t\t\t}\n\t\t\t\t\t\t\t\t\t#thb-iconbox-69f0ba8465516.thb-iconbox .iconbox-content p,\n\t\t\t#thb-iconbox-69f0ba8465516.thb-iconbox .iconbox-content span {\n\t\t\t\tcolor: #3d3d55;\n\t\t\t}\n\n\t\t\t#thb-iconbox-69f0ba8465516.thb-iconbox .iconbox-content svg,\n\t\t\t#thb-iconbox-69f0ba8465516.thb-iconbox .iconbox-content svg .bar {\n\t\t\t\tfill: #3d3d55;\n\t\t\t}\n\t\t\t#thb-iconbox-69f0ba8465516.thb-iconbox .btn-text.style2:before,\n\t\t\t#thb-iconbox-69f0ba8465516.thb-iconbox .btn-text.style2:after {\n\t\t\t\tbackground: #3d3d55;\n\t\t\t}\n\t\t\t\t\t\t\/* Hover *\/\n\t\t\t\t\t\t\t\t\t\t\t<\/style>\n\t<\/div>\n\t[\/vc_column_inner][\/vc_row_inner][vc_empty_space height=\u00a0\u00bb30px\u00a0\u00bb][vc_row_inner][vc_column_inner el_class=\u00a0\u00bbtext-center\u00a0\u00bb]\t<a id=\"thb-button-69f0ba8465843\" class=\"btn style1 small  accent pill-radius animation bottom-to-top text-center  arrow-enabled\" href=\"\/index.php\/formation-enelph\/\" target=\"_self\" role=\"button\">\n\t\t<span>LA FORMATION ENELPH<\/span>\n\t<svg xmlns=\"http:\/\/www.w3.org\/2000\/svg\" xmlns:xlink=\"http:\/\/www.w3.org\/1999\/xlink\" x=\"0px\" y=\"0px\"\r\n\t width=\"30px\" height=\"18px\" viewBox=\"0 0 30 18\" enable-background=\"new 0 0 30 18\" xml:space=\"preserve\">\r\n<path class=\"handle\" d=\"M20.305,16.212c-0.407,0.409-0.407,1.071,0,1.479s1.068,0.408,1.476,0l7.914-7.952c0.408-0.409,0.408-1.071,0-1.481\r\n\tl-7.914-7.952c-0.407-0.409-1.068-0.409-1.476,0s-0.407,1.071,0,1.48l7.185,7.221L20.305,16.212z\"\/>\r\n<path class=\"bar\" fill-rule=\"evenodd\" clip-rule=\"evenodd\" d=\"M1,8h28.001c0.551,0,1,0.448,1,1c0,0.553-0.449,1-1,1H1c-0.553,0-1-0.447-1-1\r\n\tC0,8.448,0.447,8,1,8z\"\/>\r\n<\/svg>\r\n\t\t<\/a>\n\t\t[\/vc_column_inner][\/vc_row_inner][\/vc_column][\/vc_row]\n","protected":false},"excerpt":{"rendered":"<p>[vc_row thb_full_width=\u00a0\u00bbtrue\u00a0\u00bb thb_row_padding=\u00a0\u00bbtrue\u00a0\u00bb thb_column_padding=\u00a0\u00bbtrue\u00a0\u00bb css=\u00a0\u00bb.vc_custom_1614092472991{padding-bottom: 8vh !important;background-image: url(https:\/\/douceheuredessens.fr\/wp-content\/uploads\/2021\/02\/soin-reiki.png?id=318) !important;background-position: center !important;background-repeat: no-repeat !important;background-size: cover !important;}\u00a0\u00bb][vc_column][vc_row_inner][vc_column_inner][vc_empty_space height=\u00a0\u00bb100px\u00a0\u00bb][vc_column_text] Le Soin Enelph [\/vc_column_text][\/vc_column_inner][\/vc_row_inner][\/vc_column][\/vc_row][vc_row css=\u00a0\u00bb.vc_custom_1614091569680{padding-top: 5vh !important;}\u00a0\u00bb][vc_column][vc_column_text] La m\u00e9thode Enelph permet de r\u00e9\u00e9quilibrer \u00e9nerg\u00e9tiquement notre corps. Ce soin tr\u00e8s doux, enveloppant, harmonieux permet une r\u00e9conciliation avec son \u00eatre profond. Le soin Enelph lib\u00e8re les blocages et les m\u00e9moires situ\u00e9s&hellip;<\/p>\n","protected":false},"author":1,"featured_media":0,"parent":0,"menu_order":0,"comment_status":"closed","ping_status":"closed","template":"","meta":{"footnotes":""},"class_list":["post-322","page","type-page","status-publish","hentry"],"yoast_head":"<!-- This site is optimized with the Yoast SEO plugin v26.5 - https:\/\/yoast.com\/wordpress\/plugins\/seo\/ -->\n<title>Soin Enelph - Douce heure des sens<\/title>\n<meta name=\"robots\" content=\"index, follow, max-snippet:-1, max-image-preview:large, max-video-preview:-1\" \/>\n<link rel=\"canonical\" href=\"https:\/\/douceheuredessens.fr\/index.php\/soin-enelph\/\" \/>\n<meta property=\"og:locale\" content=\"fr_FR\" \/>\n<meta property=\"og:type\" content=\"article\" \/>\n<meta property=\"og:title\" content=\"Soin Enelph - Douce heure des sens\" \/>\n<meta property=\"og:description\" content=\"[vc_row thb_full_width=\u00a0\u00bbtrue\u00a0\u00bb thb_row_padding=\u00a0\u00bbtrue\u00a0\u00bb thb_column_padding=\u00a0\u00bbtrue\u00a0\u00bb css=\u00a0\u00bb.vc_custom_1614092472991{padding-bottom: 8vh !important;background-image: url(https:\/\/douceheuredessens.fr\/wp-content\/uploads\/2021\/02\/soin-reiki.png?id=318) !important;background-position: center !important;background-repeat: no-repeat !important;background-size: cover !important;}\u00a0\u00bb][vc_column][vc_row_inner][vc_column_inner][vc_empty_space height=\u00a0\u00bb100px\u00a0\u00bb][vc_column_text] Le Soin Enelph [\/vc_column_text][\/vc_column_inner][\/vc_row_inner][\/vc_column][\/vc_row][vc_row css=\u00a0\u00bb.vc_custom_1614091569680{padding-top: 5vh !important;}\u00a0\u00bb][vc_column][vc_column_text] La m\u00e9thode Enelph permet de r\u00e9\u00e9quilibrer \u00e9nerg\u00e9tiquement notre corps. Ce soin tr\u00e8s doux, enveloppant, harmonieux permet une r\u00e9conciliation avec son \u00eatre profond. Le soin Enelph lib\u00e8re les blocages et les m\u00e9moires situ\u00e9s&hellip;\" \/>\n<meta property=\"og:url\" content=\"https:\/\/douceheuredessens.fr\/index.php\/soin-enelph\/\" \/>\n<meta property=\"og:site_name\" content=\"Douce heure des sens\" \/>\n<meta property=\"article:modified_time\" content=\"2021-03-14T17:47:21+00:00\" \/>\n<meta property=\"og:image\" content=\"https:\/\/douceheuredessens.fr\/wp-content\/uploads\/2020\/04\/line-web.png\" \/>\n\t<meta property=\"og:image:width\" content=\"2000\" \/>\n\t<meta property=\"og:image:height\" content=\"227\" \/>\n\t<meta property=\"og:image:type\" content=\"image\/png\" \/>\n<meta name=\"twitter:card\" content=\"summary_large_image\" \/>\n<meta name=\"twitter:label1\" content=\"Dur\u00e9e de lecture estim\u00e9e\" \/>\n\t<meta name=\"twitter:data1\" content=\"2 minutes\" \/>\n<script type=\"application\/ld+json\" class=\"yoast-schema-graph\">{\"@context\":\"https:\/\/schema.org\",\"@graph\":[{\"@type\":\"WebPage\",\"@id\":\"https:\/\/douceheuredessens.fr\/index.php\/soin-enelph\/\",\"url\":\"https:\/\/douceheuredessens.fr\/index.php\/soin-enelph\/\",\"name\":\"Soin Enelph - Douce heure des sens\",\"isPartOf\":{\"@id\":\"https:\/\/douceheuredessens.fr\/#website\"},\"primaryImageOfPage\":{\"@id\":\"https:\/\/douceheuredessens.fr\/index.php\/soin-enelph\/#primaryimage\"},\"image\":{\"@id\":\"https:\/\/douceheuredessens.fr\/index.php\/soin-enelph\/#primaryimage\"},\"thumbnailUrl\":\"https:\/\/unebulleasoi.care\/wp-content\/uploads\/2020\/04\/line-web-1024x116.png\",\"datePublished\":\"2021-02-23T15:14:03+00:00\",\"dateModified\":\"2021-03-14T17:47:21+00:00\",\"breadcrumb\":{\"@id\":\"https:\/\/douceheuredessens.fr\/index.php\/soin-enelph\/#breadcrumb\"},\"inLanguage\":\"fr-FR\",\"potentialAction\":[{\"@type\":\"ReadAction\",\"target\":[\"https:\/\/douceheuredessens.fr\/index.php\/soin-enelph\/\"]}]},{\"@type\":\"ImageObject\",\"inLanguage\":\"fr-FR\",\"@id\":\"https:\/\/douceheuredessens.fr\/index.php\/soin-enelph\/#primaryimage\",\"url\":\"https:\/\/unebulleasoi.care\/wp-content\/uploads\/2020\/04\/line-web-1024x116.png\",\"contentUrl\":\"https:\/\/unebulleasoi.care\/wp-content\/uploads\/2020\/04\/line-web-1024x116.png\"},{\"@type\":\"BreadcrumbList\",\"@id\":\"https:\/\/douceheuredessens.fr\/index.php\/soin-enelph\/#breadcrumb\",\"itemListElement\":[{\"@type\":\"ListItem\",\"position\":1,\"name\":\"Accueil\",\"item\":\"https:\/\/douceheuredessens.fr\/\"},{\"@type\":\"ListItem\",\"position\":2,\"name\":\"Soin Enelph\"}]},{\"@type\":\"WebSite\",\"@id\":\"https:\/\/douceheuredessens.fr\/#website\",\"url\":\"https:\/\/douceheuredessens.fr\/\",\"name\":\"Douce heure des sens\",\"description\":\"Un instant de bonheur hors du temps\",\"publisher\":{\"@id\":\"https:\/\/douceheuredessens.fr\/#organization\"},\"potentialAction\":[{\"@type\":\"SearchAction\",\"target\":{\"@type\":\"EntryPoint\",\"urlTemplate\":\"https:\/\/douceheuredessens.fr\/?s={search_term_string}\"},\"query-input\":{\"@type\":\"PropertyValueSpecification\",\"valueRequired\":true,\"valueName\":\"search_term_string\"}}],\"inLanguage\":\"fr-FR\"},{\"@type\":\"Organization\",\"@id\":\"https:\/\/douceheuredessens.fr\/#organization\",\"name\":\"Douce heure des sens\",\"url\":\"https:\/\/douceheuredessens.fr\/\",\"logo\":{\"@type\":\"ImageObject\",\"inLanguage\":\"fr-FR\",\"@id\":\"https:\/\/douceheuredessens.fr\/#\/schema\/logo\/image\/\",\"url\":\"https:\/\/douceheuredessens.fr\/wp-content\/uploads\/2020\/03\/logo-douceheuredessens.png\",\"contentUrl\":\"https:\/\/douceheuredessens.fr\/wp-content\/uploads\/2020\/03\/logo-douceheuredessens.png\",\"width\":600,\"height\":236,\"caption\":\"Douce heure des sens\"},\"image\":{\"@id\":\"https:\/\/douceheuredessens.fr\/#\/schema\/logo\/image\/\"}}]}<\/script>\n<!-- \/ Yoast SEO plugin. -->","yoast_head_json":{"title":"Soin Enelph - Douce heure des sens","robots":{"index":"index","follow":"follow","max-snippet":"max-snippet:-1","max-image-preview":"max-image-preview:large","max-video-preview":"max-video-preview:-1"},"canonical":"https:\/\/douceheuredessens.fr\/index.php\/soin-enelph\/","og_locale":"fr_FR","og_type":"article","og_title":"Soin Enelph - Douce heure des sens","og_description":"[vc_row thb_full_width=\u00a0\u00bbtrue\u00a0\u00bb thb_row_padding=\u00a0\u00bbtrue\u00a0\u00bb thb_column_padding=\u00a0\u00bbtrue\u00a0\u00bb css=\u00a0\u00bb.vc_custom_1614092472991{padding-bottom: 8vh !important;background-image: url(https:\/\/douceheuredessens.fr\/wp-content\/uploads\/2021\/02\/soin-reiki.png?id=318) !important;background-position: center !important;background-repeat: no-repeat !important;background-size: cover !important;}\u00a0\u00bb][vc_column][vc_row_inner][vc_column_inner][vc_empty_space height=\u00a0\u00bb100px\u00a0\u00bb][vc_column_text] Le Soin Enelph [\/vc_column_text][\/vc_column_inner][\/vc_row_inner][\/vc_column][\/vc_row][vc_row css=\u00a0\u00bb.vc_custom_1614091569680{padding-top: 5vh !important;}\u00a0\u00bb][vc_column][vc_column_text] La m\u00e9thode Enelph permet de r\u00e9\u00e9quilibrer \u00e9nerg\u00e9tiquement notre corps. Ce soin tr\u00e8s doux, enveloppant, harmonieux permet une r\u00e9conciliation avec son \u00eatre profond. Le soin Enelph lib\u00e8re les blocages et les m\u00e9moires situ\u00e9s&hellip;","og_url":"https:\/\/douceheuredessens.fr\/index.php\/soin-enelph\/","og_site_name":"Douce heure des sens","article_modified_time":"2021-03-14T17:47:21+00:00","og_image":[{"width":2000,"height":227,"url":"https:\/\/douceheuredessens.fr\/wp-content\/uploads\/2020\/04\/line-web.png","type":"image\/png"}],"twitter_card":"summary_large_image","twitter_misc":{"Dur\u00e9e de lecture estim\u00e9e":"2 minutes"},"schema":{"@context":"https:\/\/schema.org","@graph":[{"@type":"WebPage","@id":"https:\/\/douceheuredessens.fr\/index.php\/soin-enelph\/","url":"https:\/\/douceheuredessens.fr\/index.php\/soin-enelph\/","name":"Soin Enelph - Douce heure des sens","isPartOf":{"@id":"https:\/\/douceheuredessens.fr\/#website"},"primaryImageOfPage":{"@id":"https:\/\/douceheuredessens.fr\/index.php\/soin-enelph\/#primaryimage"},"image":{"@id":"https:\/\/douceheuredessens.fr\/index.php\/soin-enelph\/#primaryimage"},"thumbnailUrl":"https:\/\/unebulleasoi.care\/wp-content\/uploads\/2020\/04\/line-web-1024x116.png","datePublished":"2021-02-23T15:14:03+00:00","dateModified":"2021-03-14T17:47:21+00:00","breadcrumb":{"@id":"https:\/\/douceheuredessens.fr\/index.php\/soin-enelph\/#breadcrumb"},"inLanguage":"fr-FR","potentialAction":[{"@type":"ReadAction","target":["https:\/\/douceheuredessens.fr\/index.php\/soin-enelph\/"]}]},{"@type":"ImageObject","inLanguage":"fr-FR","@id":"https:\/\/douceheuredessens.fr\/index.php\/soin-enelph\/#primaryimage","url":"https:\/\/unebulleasoi.care\/wp-content\/uploads\/2020\/04\/line-web-1024x116.png","contentUrl":"https:\/\/unebulleasoi.care\/wp-content\/uploads\/2020\/04\/line-web-1024x116.png"},{"@type":"BreadcrumbList","@id":"https:\/\/douceheuredessens.fr\/index.php\/soin-enelph\/#breadcrumb","itemListElement":[{"@type":"ListItem","position":1,"name":"Accueil","item":"https:\/\/douceheuredessens.fr\/"},{"@type":"ListItem","position":2,"name":"Soin Enelph"}]},{"@type":"WebSite","@id":"https:\/\/douceheuredessens.fr\/#website","url":"https:\/\/douceheuredessens.fr\/","name":"Douce heure des sens","description":"Un instant de bonheur hors du temps","publisher":{"@id":"https:\/\/douceheuredessens.fr\/#organization"},"potentialAction":[{"@type":"SearchAction","target":{"@type":"EntryPoint","urlTemplate":"https:\/\/douceheuredessens.fr\/?s={search_term_string}"},"query-input":{"@type":"PropertyValueSpecification","valueRequired":true,"valueName":"search_term_string"}}],"inLanguage":"fr-FR"},{"@type":"Organization","@id":"https:\/\/douceheuredessens.fr\/#organization","name":"Douce heure des sens","url":"https:\/\/douceheuredessens.fr\/","logo":{"@type":"ImageObject","inLanguage":"fr-FR","@id":"https:\/\/douceheuredessens.fr\/#\/schema\/logo\/image\/","url":"https:\/\/douceheuredessens.fr\/wp-content\/uploads\/2020\/03\/logo-douceheuredessens.png","contentUrl":"https:\/\/douceheuredessens.fr\/wp-content\/uploads\/2020\/03\/logo-douceheuredessens.png","width":600,"height":236,"caption":"Douce heure des sens"},"image":{"@id":"https:\/\/douceheuredessens.fr\/#\/schema\/logo\/image\/"}}]}},"_links":{"self":[{"href":"https:\/\/douceheuredessens.fr\/index.php\/wp-json\/wp\/v2\/pages\/322","targetHints":{"allow":["GET"]}}],"collection":[{"href":"https:\/\/douceheuredessens.fr\/index.php\/wp-json\/wp\/v2\/pages"}],"about":[{"href":"https:\/\/douceheuredessens.fr\/index.php\/wp-json\/wp\/v2\/types\/page"}],"author":[{"embeddable":true,"href":"https:\/\/douceheuredessens.fr\/index.php\/wp-json\/wp\/v2\/users\/1"}],"replies":[{"embeddable":true,"href":"https:\/\/douceheuredessens.fr\/index.php\/wp-json\/wp\/v2\/comments?post=322"}],"version-history":[{"count":10,"href":"https:\/\/douceheuredessens.fr\/index.php\/wp-json\/wp\/v2\/pages\/322\/revisions"}],"predecessor-version":[{"id":458,"href":"https:\/\/douceheuredessens.fr\/index.php\/wp-json\/wp\/v2\/pages\/322\/revisions\/458"}],"wp:attachment":[{"href":"https:\/\/douceheuredessens.fr\/index.php\/wp-json\/wp\/v2\/media?parent=322"}],"curies":[{"name":"wp","href":"https:\/\/api.w.org\/{rel}","templated":true}]}}