{"id":178,"date":"2020-04-08T15:31:43","date_gmt":"2020-04-08T13:31:43","guid":{"rendered":"https:\/\/unebulleasoi.care\/?page_id=178"},"modified":"2024-12-16T09:46:08","modified_gmt":"2024-12-16T08:46:08","slug":"infos-pratiques","status":"publish","type":"page","link":"https:\/\/douceheuredessens.fr\/index.php\/infos-pratiques\/","title":{"rendered":"Infos pratiques"},"content":{"rendered":"[vc_row thb_full_width=\u00a0\u00bbtrue\u00a0\u00bb thb_row_padding=\u00a0\u00bbtrue\u00a0\u00bb thb_column_padding=\u00a0\u00bbtrue\u00a0\u00bb css=\u00a0\u00bb.vc_custom_1671367981336{padding-bottom: 8vh !important;background-image: url(https:\/\/douceheuredessens.fr\/wp-content\/uploads\/2020\/04\/background-balance-beach-boulder-289586-scaled.jpg?id=224) !important;background-position: 0 0 !important;background-repeat: no-repeat !important;}\u00a0\u00bb][vc_column][vc_row_inner][vc_column_inner][vc_empty_space height=\u00a0\u00bb100px\u00a0\u00bb][vc_column_text]\n<h1 style=\"text-align: left;\"><span style=\"color: #ffffff;\">Infos Pratiques<\/span><\/h1>\n[\/vc_column_text][\/vc_column_inner][\/vc_row_inner][\/vc_column][\/vc_row][vc_row css=\u00a0\u00bb.vc_custom_1588424658190{padding-top: 10vh !important;padding-bottom: 10vh !important;}\u00a0\u00bb][vc_column][vc_row_inner thb_max_width=\u00a0\u00bb\u00a0\u00bb][vc_column_inner width=\u00a0\u00bb1\/2&Prime; css=\u00a0\u00bb.vc_custom_1517926044471{padding-right: 10% !important;}\u00a0\u00bb]\t<div id=\"thb-iconbox-69ef66fa51d06\" class=\"thb-iconbox left type1  has-img   animation-true\" href=\"\" target=\"_self\" data-animation_speed=\"1.5\">\n\t\t\t\t<figure>\n\t\t\t\t\t\t\t<div class=\"iconbox-image\">\n\t\t\t\t\t<img loading=\"lazy\" decoding=\"async\" width=\"256\" height=\"256\" src=\"https:\/\/douceheuredessens.fr\/wp-content\/uploads\/2020\/05\/006-coin.png\" class=\"thb_image attachment-full\" alt=\"\" srcset=\"https:\/\/douceheuredessens.fr\/wp-content\/uploads\/2020\/05\/006-coin.png 256w, https:\/\/douceheuredessens.fr\/wp-content\/uploads\/2020\/05\/006-coin-150x150.png 150w, https:\/\/douceheuredessens.fr\/wp-content\/uploads\/2020\/05\/006-coin-200x200.png 200w, https:\/\/douceheuredessens.fr\/wp-content\/uploads\/2020\/05\/006-coin-100x100.png 100w, https:\/\/douceheuredessens.fr\/wp-content\/uploads\/2020\/05\/006-coin-20x20.png 20w, https:\/\/douceheuredessens.fr\/wp-content\/uploads\/2020\/05\/006-coin-190x190.png 190w\" sizes=\"auto, (max-width: 256px) 100vw, 256px\" \/>\t\t\t\t\t\t\t\t\t<\/div>\n\t\t\t\t\t\t\t\t\t\t\t\t<\/figure>\n\t\t\t\t<div class=\"iconbox-content\">\n\t\t\t\t\t\t\t<h5>Tarifs<\/h5>\t\t\t<p>Le prix des massages propos\u00e9s d\u00e9pend de leur dur\u00e9e : 1h \u00e0 50 euros - 1h30 \u00e0 70 euros - 2h \u00e0 90 euros.<\/p>\n<p>Le prix des soins \u00e9nerg\u00e9tiques est de 50 euros la s\u00e9ance.<\/p>\n\t\t\t\t\t<\/div>\n\t\t<style>\n\t\t\t\t\t\t\t\t\t#thb-iconbox-69ef66fa51d06.thb-iconbox h5 {\n\t\t\t  font-size: 25px;\n\t\t\t}\n\t\t\t\t\t\t\t\t\t#thb-iconbox-69ef66fa51d06.thb-iconbox p {\n\t\t\t  font-size: 20px;\n\t\t\t}\n\t\t\t\t\t\t\t\t\t\t\t\t\t#thb-iconbox-69ef66fa51d06.thb-iconbox .iconbox-image img {\n\t\t\t\t\twidth: 88px;\n\t\t\t\t\theight: auto;\n\t\t\t\t}\n\t\t\t\t\t\t\t\t\t#thb-iconbox-69ef66fa51d06.thb-iconbox .iconbox-content h5,\n\t\t\t#thb-iconbox-69ef66fa51d06.thb-iconbox figure h5 {\n\t\t\t\tcolor: #685d98;\n\t\t\t}\n\t\t\t\t\t\t\t\t\t#thb-iconbox-69ef66fa51d06.thb-iconbox .iconbox-content p,\n\t\t\t#thb-iconbox-69ef66fa51d06.thb-iconbox .iconbox-content span {\n\t\t\t\tcolor: #3d3d55;\n\t\t\t}\n\n\t\t\t#thb-iconbox-69ef66fa51d06.thb-iconbox .iconbox-content svg,\n\t\t\t#thb-iconbox-69ef66fa51d06.thb-iconbox .iconbox-content svg .bar {\n\t\t\t\tfill: #3d3d55;\n\t\t\t}\n\t\t\t#thb-iconbox-69ef66fa51d06.thb-iconbox .btn-text.style2:before,\n\t\t\t#thb-iconbox-69ef66fa51d06.thb-iconbox .btn-text.style2:after {\n\t\t\t\tbackground: #3d3d55;\n\t\t\t}\n\t\t\t\t\t\t\/* Hover *\/\n\t\t\t\t\t\t\t\t\t\t\t<\/style>\n\t<\/div>\n\t[vc_empty_space height=\u00a0\u00bb30px\u00a0\u00bb]\t<div id=\"thb-iconbox-69ef66fa521ab\" class=\"thb-iconbox left type1  has-img   animation-true\" href=\"\" target=\"_self\" data-animation_speed=\"1.5\">\n\t\t\t\t<figure>\n\t\t\t\t\t\t\t<div class=\"iconbox-image\">\n\t\t\t\t\t<img loading=\"lazy\" decoding=\"async\" width=\"256\" height=\"256\" src=\"https:\/\/douceheuredessens.fr\/wp-content\/uploads\/2020\/05\/002-map.png\" class=\"thb_image attachment-full\" alt=\"\" srcset=\"https:\/\/douceheuredessens.fr\/wp-content\/uploads\/2020\/05\/002-map.png 256w, https:\/\/douceheuredessens.fr\/wp-content\/uploads\/2020\/05\/002-map-150x150.png 150w, https:\/\/douceheuredessens.fr\/wp-content\/uploads\/2020\/05\/002-map-200x200.png 200w, https:\/\/douceheuredessens.fr\/wp-content\/uploads\/2020\/05\/002-map-100x100.png 100w, https:\/\/douceheuredessens.fr\/wp-content\/uploads\/2020\/05\/002-map-20x20.png 20w, https:\/\/douceheuredessens.fr\/wp-content\/uploads\/2020\/05\/002-map-190x190.png 190w\" sizes=\"auto, (max-width: 256px) 100vw, 256px\" \/>\t\t\t\t\t\t\t\t\t<\/div>\n\t\t\t\t\t\t\t\t\t\t\t\t<\/figure>\n\t\t\t\t<div class=\"iconbox-content\">\n\t\t\t\t\t\t\t<h5>Lieux<\/h5>\t\t\t<p>Au salon \u00e0 Eydoche, en entreprise et sur des manifestations, contactez moi pour plus de renseignements.<\/p>\n\t\t\t\t\t<\/div>\n\t\t<style>\n\t\t\t\t\t\t\t\t\t#thb-iconbox-69ef66fa521ab.thb-iconbox h5 {\n\t\t\t  font-size: 25px;\n\t\t\t}\n\t\t\t\t\t\t\t\t\t#thb-iconbox-69ef66fa521ab.thb-iconbox p {\n\t\t\t  font-size: 20px;\n\t\t\t}\n\t\t\t\t\t\t\t\t\t\t\t\t\t#thb-iconbox-69ef66fa521ab.thb-iconbox .iconbox-image img {\n\t\t\t\t\twidth: 88px;\n\t\t\t\t\theight: auto;\n\t\t\t\t}\n\t\t\t\t\t\t\t\t\t#thb-iconbox-69ef66fa521ab.thb-iconbox .iconbox-content h5,\n\t\t\t#thb-iconbox-69ef66fa521ab.thb-iconbox figure h5 {\n\t\t\t\tcolor: #685d98;\n\t\t\t}\n\t\t\t\t\t\t\t\t\t#thb-iconbox-69ef66fa521ab.thb-iconbox .iconbox-content p,\n\t\t\t#thb-iconbox-69ef66fa521ab.thb-iconbox .iconbox-content span {\n\t\t\t\tcolor: #3d3d55;\n\t\t\t}\n\n\t\t\t#thb-iconbox-69ef66fa521ab.thb-iconbox .iconbox-content svg,\n\t\t\t#thb-iconbox-69ef66fa521ab.thb-iconbox .iconbox-content svg .bar {\n\t\t\t\tfill: #3d3d55;\n\t\t\t}\n\t\t\t#thb-iconbox-69ef66fa521ab.thb-iconbox .btn-text.style2:before,\n\t\t\t#thb-iconbox-69ef66fa521ab.thb-iconbox .btn-text.style2:after {\n\t\t\t\tbackground: #3d3d55;\n\t\t\t}\n\t\t\t\t\t\t\/* Hover *\/\n\t\t\t\t\t\t\t\t\t\t\t<\/style>\n\t<\/div>\n\t[vc_empty_space height=\u00a0\u00bb30px\u00a0\u00bb][\/vc_column_inner][vc_column_inner width=\u00a0\u00bb1\/2&Prime; css=\u00a0\u00bb.vc_custom_1517926155974{padding-right: 10% !important;}\u00a0\u00bb]\t<div id=\"thb-iconbox-69ef66fa52540\" class=\"thb-iconbox left type1  has-img   animation-true\" href=\"\" target=\"_self\" data-animation_speed=\"1.5\">\n\t\t\t\t<figure>\n\t\t\t\t\t\t\t<div class=\"iconbox-image\">\n\t\t\t\t\t<img loading=\"lazy\" decoding=\"async\" width=\"256\" height=\"256\" src=\"https:\/\/douceheuredessens.fr\/wp-content\/uploads\/2020\/05\/001-euro.png\" class=\"thb_image attachment-full\" alt=\"\" srcset=\"https:\/\/douceheuredessens.fr\/wp-content\/uploads\/2020\/05\/001-euro.png 256w, https:\/\/douceheuredessens.fr\/wp-content\/uploads\/2020\/05\/001-euro-150x150.png 150w, https:\/\/douceheuredessens.fr\/wp-content\/uploads\/2020\/05\/001-euro-200x200.png 200w, https:\/\/douceheuredessens.fr\/wp-content\/uploads\/2020\/05\/001-euro-100x100.png 100w, https:\/\/douceheuredessens.fr\/wp-content\/uploads\/2020\/05\/001-euro-20x20.png 20w, https:\/\/douceheuredessens.fr\/wp-content\/uploads\/2020\/05\/001-euro-190x190.png 190w\" sizes=\"auto, (max-width: 256px) 100vw, 256px\" \/>\t\t\t\t\t\t\t\t\t<\/div>\n\t\t\t\t\t\t\t\t\t\t\t\t<\/figure>\n\t\t\t\t<div class=\"iconbox-content\">\n\t\t\t\t\t\t\t<h5>Paiement<\/h5>\t\t\t<p>Les moyens de paiement sont : esp\u00e8ces et ch\u00e8ques libell\u00e9s \u00e0 l\u2019ordre de Corine Castegnier, Douce heure des sens.<\/p>\n\t\t\t\t\t<\/div>\n\t\t<style>\n\t\t\t\t\t\t\t\t\t#thb-iconbox-69ef66fa52540.thb-iconbox h5 {\n\t\t\t  font-size: 25px;\n\t\t\t}\n\t\t\t\t\t\t\t\t\t#thb-iconbox-69ef66fa52540.thb-iconbox p {\n\t\t\t  font-size: 20px;\n\t\t\t}\n\t\t\t\t\t\t\t\t\t\t\t\t\t#thb-iconbox-69ef66fa52540.thb-iconbox .iconbox-image img {\n\t\t\t\t\twidth: 88px;\n\t\t\t\t\theight: auto;\n\t\t\t\t}\n\t\t\t\t\t\t\t\t\t#thb-iconbox-69ef66fa52540.thb-iconbox .iconbox-content h5,\n\t\t\t#thb-iconbox-69ef66fa52540.thb-iconbox figure h5 {\n\t\t\t\tcolor: #685d98;\n\t\t\t}\n\t\t\t\t\t\t\t\t\t#thb-iconbox-69ef66fa52540.thb-iconbox .iconbox-content p,\n\t\t\t#thb-iconbox-69ef66fa52540.thb-iconbox .iconbox-content span {\n\t\t\t\tcolor: #3d3d55;\n\t\t\t}\n\n\t\t\t#thb-iconbox-69ef66fa52540.thb-iconbox .iconbox-content svg,\n\t\t\t#thb-iconbox-69ef66fa52540.thb-iconbox .iconbox-content svg .bar {\n\t\t\t\tfill: #3d3d55;\n\t\t\t}\n\t\t\t#thb-iconbox-69ef66fa52540.thb-iconbox .btn-text.style2:before,\n\t\t\t#thb-iconbox-69ef66fa52540.thb-iconbox .btn-text.style2:after {\n\t\t\t\tbackground: #3d3d55;\n\t\t\t}\n\t\t\t\t\t\t\/* Hover *\/\n\t\t\t\t\t\t\t\t\t\t\t<\/style>\n\t<\/div>\n\t[vc_empty_space height=\u00a0\u00bb30px\u00a0\u00bb]\t<div id=\"thb-iconbox-69ef66fa52882\" class=\"thb-iconbox left type1  has-img   animation-true\" href=\"\" target=\"_self\" data-animation_speed=\"1.5\">\n\t\t\t\t<figure>\n\t\t\t\t\t\t\t<div class=\"iconbox-image\">\n\t\t\t\t\t<img loading=\"lazy\" decoding=\"async\" width=\"256\" height=\"256\" src=\"https:\/\/douceheuredessens.fr\/wp-content\/uploads\/2020\/05\/004-discount.png\" class=\"thb_image attachment-full\" alt=\"\" srcset=\"https:\/\/douceheuredessens.fr\/wp-content\/uploads\/2020\/05\/004-discount.png 256w, https:\/\/douceheuredessens.fr\/wp-content\/uploads\/2020\/05\/004-discount-150x150.png 150w, https:\/\/douceheuredessens.fr\/wp-content\/uploads\/2020\/05\/004-discount-200x200.png 200w, https:\/\/douceheuredessens.fr\/wp-content\/uploads\/2020\/05\/004-discount-100x100.png 100w, https:\/\/douceheuredessens.fr\/wp-content\/uploads\/2020\/05\/004-discount-20x20.png 20w, https:\/\/douceheuredessens.fr\/wp-content\/uploads\/2020\/05\/004-discount-190x190.png 190w\" sizes=\"auto, (max-width: 256px) 100vw, 256px\" \/>\t\t\t\t\t\t\t\t\t<\/div>\n\t\t\t\t\t\t\t\t\t\t\t\t<\/figure>\n\t\t\t\t<div class=\"iconbox-content\">\n\t\t\t\t\t\t\t<h5>Bon cadeau<\/h5>\t\t\t<p>En vente aupr\u00e8s de Corine Cast\u00e9gnier. Valable 6 mois \u00e0 partir de la date d\u2019achat.<\/p>\n\t\t\t\t\t<\/div>\n\t\t<style>\n\t\t\t\t\t\t\t\t\t#thb-iconbox-69ef66fa52882.thb-iconbox h5 {\n\t\t\t  font-size: 25px;\n\t\t\t}\n\t\t\t\t\t\t\t\t\t#thb-iconbox-69ef66fa52882.thb-iconbox p {\n\t\t\t  font-size: 20px;\n\t\t\t}\n\t\t\t\t\t\t\t\t\t\t\t\t\t#thb-iconbox-69ef66fa52882.thb-iconbox .iconbox-image img {\n\t\t\t\t\twidth: 88px;\n\t\t\t\t\theight: auto;\n\t\t\t\t}\n\t\t\t\t\t\t\t\t\t#thb-iconbox-69ef66fa52882.thb-iconbox .iconbox-content h5,\n\t\t\t#thb-iconbox-69ef66fa52882.thb-iconbox figure h5 {\n\t\t\t\tcolor: #685d98;\n\t\t\t}\n\t\t\t\t\t\t\t\t\t#thb-iconbox-69ef66fa52882.thb-iconbox .iconbox-content p,\n\t\t\t#thb-iconbox-69ef66fa52882.thb-iconbox .iconbox-content span {\n\t\t\t\tcolor: #3d3d55;\n\t\t\t}\n\n\t\t\t#thb-iconbox-69ef66fa52882.thb-iconbox .iconbox-content svg,\n\t\t\t#thb-iconbox-69ef66fa52882.thb-iconbox .iconbox-content svg .bar {\n\t\t\t\tfill: #3d3d55;\n\t\t\t}\n\t\t\t#thb-iconbox-69ef66fa52882.thb-iconbox .btn-text.style2:before,\n\t\t\t#thb-iconbox-69ef66fa52882.thb-iconbox .btn-text.style2:after {\n\t\t\t\tbackground: #3d3d55;\n\t\t\t}\n\t\t\t\t\t\t\/* Hover *\/\n\t\t\t\t\t\t\t\t\t\t\t<\/style>\n\t<\/div>\n\t[vc_empty_space height=\u00a0\u00bb30px\u00a0\u00bb][\/vc_column_inner][\/vc_row_inner]\t<div id=\"thb-iconbox-69ef66fa531b0\" class=\"thb-iconbox left type1  has-img   animation-true\" href=\"\" target=\"_self\" data-animation_speed=\"1.5\">\n\t\t\t\t<figure>\n\t\t\t\t\t\t\t<div class=\"iconbox-image\">\n\t\t\t\t\t<img loading=\"lazy\" decoding=\"async\" width=\"256\" height=\"256\" src=\"https:\/\/douceheuredessens.fr\/wp-content\/uploads\/2020\/05\/003-clock.png\" class=\"thb_image attachment-full\" alt=\"\" srcset=\"https:\/\/douceheuredessens.fr\/wp-content\/uploads\/2020\/05\/003-clock.png 256w, https:\/\/douceheuredessens.fr\/wp-content\/uploads\/2020\/05\/003-clock-150x150.png 150w, https:\/\/douceheuredessens.fr\/wp-content\/uploads\/2020\/05\/003-clock-200x200.png 200w, https:\/\/douceheuredessens.fr\/wp-content\/uploads\/2020\/05\/003-clock-100x100.png 100w, https:\/\/douceheuredessens.fr\/wp-content\/uploads\/2020\/05\/003-clock-20x20.png 20w, https:\/\/douceheuredessens.fr\/wp-content\/uploads\/2020\/05\/003-clock-190x190.png 190w\" sizes=\"auto, (max-width: 256px) 100vw, 256px\" \/>\t\t\t\t\t\t\t\t\t<\/div>\n\t\t\t\t\t\t\t\t\t\t\t\t<\/figure>\n\t\t\t\t<div class=\"iconbox-content\">\n\t\t\t\t\t\t\t<h5>Rendez-vous<\/h5>\t\t\t<p>Nous vous demandons de vous pr\u00e9senter 5 mn avant l\u2019heure de votre rendez-vous et d\u2019\u00eatre ponctuel. Tout manquement entra\u00eenera une diminution de la dur\u00e9e de votre soin, \u00e9quivalent \u00e0 votre retard afin de ne pas p\u00e9naliser le client suivant. Toute annulation devra \u00eatre fa\u00eete minimum 48 heures \u00e0 l\u2019avance. Un rendez-vous peut-\u00eatre annul\u00e9 ou modifi\u00e9 une fois sans co\u00fbt suppl\u00e9mentaire. Merci de v\u00e9rifier votre disponibilit\u00e9 avant de prendre rendez-vous<\/p>\n\t\t\t\t\t<\/div>\n\t\t<style>\n\t\t\t\t\t\t\t\t\t#thb-iconbox-69ef66fa531b0.thb-iconbox h5 {\n\t\t\t  font-size: 25px;\n\t\t\t}\n\t\t\t\t\t\t\t\t\t#thb-iconbox-69ef66fa531b0.thb-iconbox p {\n\t\t\t  font-size: 20px;\n\t\t\t}\n\t\t\t\t\t\t\t\t\t\t\t\t\t#thb-iconbox-69ef66fa531b0.thb-iconbox .iconbox-image img {\n\t\t\t\t\twidth: 88px;\n\t\t\t\t\theight: auto;\n\t\t\t\t}\n\t\t\t\t\t\t\t\t\t#thb-iconbox-69ef66fa531b0.thb-iconbox .iconbox-content h5,\n\t\t\t#thb-iconbox-69ef66fa531b0.thb-iconbox figure h5 {\n\t\t\t\tcolor: #685d98;\n\t\t\t}\n\t\t\t\t\t\t\t\t\t#thb-iconbox-69ef66fa531b0.thb-iconbox .iconbox-content p,\n\t\t\t#thb-iconbox-69ef66fa531b0.thb-iconbox .iconbox-content span {\n\t\t\t\tcolor: #3d3d55;\n\t\t\t}\n\n\t\t\t#thb-iconbox-69ef66fa531b0.thb-iconbox .iconbox-content svg,\n\t\t\t#thb-iconbox-69ef66fa531b0.thb-iconbox .iconbox-content svg .bar {\n\t\t\t\tfill: #3d3d55;\n\t\t\t}\n\t\t\t#thb-iconbox-69ef66fa531b0.thb-iconbox .btn-text.style2:before,\n\t\t\t#thb-iconbox-69ef66fa531b0.thb-iconbox .btn-text.style2:after {\n\t\t\t\tbackground: #3d3d55;\n\t\t\t}\n\t\t\t\t\t\t\/* Hover *\/\n\t\t\t\t\t\t\t\t\t\t\t<\/style>\n\t<\/div>\n\t[\/vc_column][\/vc_row][vc_row thb_full_width=\u00a0\u00bbtrue\u00a0\u00bb css=\u00a0\u00bb.vc_custom_1614009616145{padding-top: 5vh !important;padding-bottom: 2vh !important;background-color: #f1ece1 !important;}\u00a0\u00bb][vc_column][vc_column_text]\n<p style=\"text-align: center;\"><strong>A noter<\/strong> : <em>tous nos massages sont non m\u00e9dicalis\u00e9s et non para-m\u00e9dicalis\u00e9s ;<br \/>\nil s\u2019agit de modelage esth\u00e9tique, de confort sans finalit\u00e9 m\u00e9dicale<\/em><br \/>\n<em>(art 38 de la loi n\u00b02005-882 du 2 aout 2005).<\/em><\/p>\n[\/vc_column_text][\/vc_column][\/vc_row]\n","protected":false},"excerpt":{"rendered":"<p>[vc_row thb_full_width=\u00a0\u00bbtrue\u00a0\u00bb thb_row_padding=\u00a0\u00bbtrue\u00a0\u00bb thb_column_padding=\u00a0\u00bbtrue\u00a0\u00bb css=\u00a0\u00bb.vc_custom_1671367981336{padding-bottom: 8vh !important;background-image: url(https:\/\/douceheuredessens.fr\/wp-content\/uploads\/2020\/04\/background-balance-beach-boulder-289586-scaled.jpg?id=224) !important;background-position: 0 0 !important;background-repeat: no-repeat !important;}\u00a0\u00bb][vc_column][vc_row_inner][vc_column_inner][vc_empty_space height=\u00a0\u00bb100px\u00a0\u00bb][vc_column_text] Infos Pratiques [\/vc_column_text][\/vc_column_inner][\/vc_row_inner][\/vc_column][\/vc_row][vc_row css=\u00a0\u00bb.vc_custom_1588424658190{padding-top: 10vh !important;padding-bottom: 10vh !important;}\u00a0\u00bb][vc_column][vc_row_inner thb_max_width=\u00a0\u00bb\u00a0\u00bb][vc_column_inner width=\u00a0\u00bb1\/2&Prime; css=\u00a0\u00bb.vc_custom_1517926044471{padding-right: 10% !important;}\u00a0\u00bb][vc_empty_space height=\u00a0\u00bb30px\u00a0\u00bb][vc_empty_space height=\u00a0\u00bb30px\u00a0\u00bb][\/vc_column_inner][vc_column_inner width=\u00a0\u00bb1\/2&Prime; css=\u00a0\u00bb.vc_custom_1517926155974{padding-right: 10% !important;}\u00a0\u00bb][vc_empty_space height=\u00a0\u00bb30px\u00a0\u00bb][vc_empty_space height=\u00a0\u00bb30px\u00a0\u00bb][\/vc_column_inner][\/vc_row_inner][\/vc_column][\/vc_row][vc_row thb_full_width=\u00a0\u00bbtrue\u00a0\u00bb css=\u00a0\u00bb.vc_custom_1614009616145{padding-top: 5vh !important;padding-bottom: 2vh !important;background-color: #f1ece1 !important;}\u00a0\u00bb][vc_column][vc_column_text] A noter : tous nos massages sont non m\u00e9dicalis\u00e9s et non&hellip;<\/p>\n","protected":false},"author":1,"featured_media":0,"parent":0,"menu_order":0,"comment_status":"closed","ping_status":"closed","template":"","meta":{"footnotes":""},"class_list":["post-178","page","type-page","status-publish","hentry"],"yoast_head":"<!-- This site is optimized with the Yoast SEO plugin v26.5 - https:\/\/yoast.com\/wordpress\/plugins\/seo\/ -->\n<title>Infos pratiques - Douce heure des sens<\/title>\n<meta name=\"robots\" content=\"index, follow, max-snippet:-1, max-image-preview:large, max-video-preview:-1\" \/>\n<link rel=\"canonical\" href=\"https:\/\/douceheuredessens.fr\/index.php\/infos-pratiques\/\" \/>\n<meta property=\"og:locale\" content=\"fr_FR\" \/>\n<meta property=\"og:type\" content=\"article\" \/>\n<meta property=\"og:title\" content=\"Infos pratiques - Douce heure des sens\" \/>\n<meta property=\"og:description\" content=\"[vc_row thb_full_width=\u00a0\u00bbtrue\u00a0\u00bb thb_row_padding=\u00a0\u00bbtrue\u00a0\u00bb thb_column_padding=\u00a0\u00bbtrue\u00a0\u00bb css=\u00a0\u00bb.vc_custom_1671367981336{padding-bottom: 8vh !important;background-image: url(https:\/\/douceheuredessens.fr\/wp-content\/uploads\/2020\/04\/background-balance-beach-boulder-289586-scaled.jpg?id=224) !important;background-position: 0 0 !important;background-repeat: no-repeat !important;}\u00a0\u00bb][vc_column][vc_row_inner][vc_column_inner][vc_empty_space height=\u00a0\u00bb100px\u00a0\u00bb][vc_column_text] Infos Pratiques [\/vc_column_text][\/vc_column_inner][\/vc_row_inner][\/vc_column][\/vc_row][vc_row css=\u00a0\u00bb.vc_custom_1588424658190{padding-top: 10vh !important;padding-bottom: 10vh !important;}\u00a0\u00bb][vc_column][vc_row_inner thb_max_width=\u00a0\u00bb\u00a0\u00bb][vc_column_inner width=\u00a0\u00bb1\/2&Prime; css=\u00a0\u00bb.vc_custom_1517926044471{padding-right: 10% !important;}\u00a0\u00bb][vc_empty_space height=\u00a0\u00bb30px\u00a0\u00bb][vc_empty_space height=\u00a0\u00bb30px\u00a0\u00bb][\/vc_column_inner][vc_column_inner width=\u00a0\u00bb1\/2&Prime; css=\u00a0\u00bb.vc_custom_1517926155974{padding-right: 10% !important;}\u00a0\u00bb][vc_empty_space height=\u00a0\u00bb30px\u00a0\u00bb][vc_empty_space height=\u00a0\u00bb30px\u00a0\u00bb][\/vc_column_inner][\/vc_row_inner][\/vc_column][\/vc_row][vc_row thb_full_width=\u00a0\u00bbtrue\u00a0\u00bb css=\u00a0\u00bb.vc_custom_1614009616145{padding-top: 5vh !important;padding-bottom: 2vh !important;background-color: #f1ece1 !important;}\u00a0\u00bb][vc_column][vc_column_text] A noter : tous nos massages sont non m\u00e9dicalis\u00e9s et non&hellip;\" \/>\n<meta property=\"og:url\" content=\"https:\/\/douceheuredessens.fr\/index.php\/infos-pratiques\/\" \/>\n<meta property=\"og:site_name\" content=\"Douce heure des sens\" \/>\n<meta property=\"article:modified_time\" content=\"2024-12-16T08:46:08+00:00\" \/>\n<meta name=\"twitter:card\" content=\"summary_large_image\" \/>\n<meta name=\"twitter:label1\" content=\"Dur\u00e9e de lecture estim\u00e9e\" \/>\n\t<meta name=\"twitter:data1\" content=\"3 minutes\" \/>\n<script type=\"application\/ld+json\" class=\"yoast-schema-graph\">{\"@context\":\"https:\/\/schema.org\",\"@graph\":[{\"@type\":\"WebPage\",\"@id\":\"https:\/\/douceheuredessens.fr\/index.php\/infos-pratiques\/\",\"url\":\"https:\/\/douceheuredessens.fr\/index.php\/infos-pratiques\/\",\"name\":\"Infos pratiques - Douce heure des sens\",\"isPartOf\":{\"@id\":\"https:\/\/douceheuredessens.fr\/#website\"},\"datePublished\":\"2020-04-08T13:31:43+00:00\",\"dateModified\":\"2024-12-16T08:46:08+00:00\",\"breadcrumb\":{\"@id\":\"https:\/\/douceheuredessens.fr\/index.php\/infos-pratiques\/#breadcrumb\"},\"inLanguage\":\"fr-FR\",\"potentialAction\":[{\"@type\":\"ReadAction\",\"target\":[\"https:\/\/douceheuredessens.fr\/index.php\/infos-pratiques\/\"]}]},{\"@type\":\"BreadcrumbList\",\"@id\":\"https:\/\/douceheuredessens.fr\/index.php\/infos-pratiques\/#breadcrumb\",\"itemListElement\":[{\"@type\":\"ListItem\",\"position\":1,\"name\":\"Accueil\",\"item\":\"https:\/\/douceheuredessens.fr\/\"},{\"@type\":\"ListItem\",\"position\":2,\"name\":\"Infos pratiques\"}]},{\"@type\":\"WebSite\",\"@id\":\"https:\/\/douceheuredessens.fr\/#website\",\"url\":\"https:\/\/douceheuredessens.fr\/\",\"name\":\"Douce heure des sens\",\"description\":\"Un instant de bonheur hors du temps\",\"publisher\":{\"@id\":\"https:\/\/douceheuredessens.fr\/#organization\"},\"potentialAction\":[{\"@type\":\"SearchAction\",\"target\":{\"@type\":\"EntryPoint\",\"urlTemplate\":\"https:\/\/douceheuredessens.fr\/?s={search_term_string}\"},\"query-input\":{\"@type\":\"PropertyValueSpecification\",\"valueRequired\":true,\"valueName\":\"search_term_string\"}}],\"inLanguage\":\"fr-FR\"},{\"@type\":\"Organization\",\"@id\":\"https:\/\/douceheuredessens.fr\/#organization\",\"name\":\"Douce heure des sens\",\"url\":\"https:\/\/douceheuredessens.fr\/\",\"logo\":{\"@type\":\"ImageObject\",\"inLanguage\":\"fr-FR\",\"@id\":\"https:\/\/douceheuredessens.fr\/#\/schema\/logo\/image\/\",\"url\":\"https:\/\/douceheuredessens.fr\/wp-content\/uploads\/2020\/03\/logo-douceheuredessens.png\",\"contentUrl\":\"https:\/\/douceheuredessens.fr\/wp-content\/uploads\/2020\/03\/logo-douceheuredessens.png\",\"width\":600,\"height\":236,\"caption\":\"Douce heure des sens\"},\"image\":{\"@id\":\"https:\/\/douceheuredessens.fr\/#\/schema\/logo\/image\/\"}}]}<\/script>\n<!-- \/ Yoast SEO plugin. -->","yoast_head_json":{"title":"Infos pratiques - Douce heure des sens","robots":{"index":"index","follow":"follow","max-snippet":"max-snippet:-1","max-image-preview":"max-image-preview:large","max-video-preview":"max-video-preview:-1"},"canonical":"https:\/\/douceheuredessens.fr\/index.php\/infos-pratiques\/","og_locale":"fr_FR","og_type":"article","og_title":"Infos pratiques - Douce heure des sens","og_description":"[vc_row thb_full_width=\u00a0\u00bbtrue\u00a0\u00bb thb_row_padding=\u00a0\u00bbtrue\u00a0\u00bb thb_column_padding=\u00a0\u00bbtrue\u00a0\u00bb css=\u00a0\u00bb.vc_custom_1671367981336{padding-bottom: 8vh !important;background-image: url(https:\/\/douceheuredessens.fr\/wp-content\/uploads\/2020\/04\/background-balance-beach-boulder-289586-scaled.jpg?id=224) !important;background-position: 0 0 !important;background-repeat: no-repeat !important;}\u00a0\u00bb][vc_column][vc_row_inner][vc_column_inner][vc_empty_space height=\u00a0\u00bb100px\u00a0\u00bb][vc_column_text] Infos Pratiques [\/vc_column_text][\/vc_column_inner][\/vc_row_inner][\/vc_column][\/vc_row][vc_row css=\u00a0\u00bb.vc_custom_1588424658190{padding-top: 10vh !important;padding-bottom: 10vh !important;}\u00a0\u00bb][vc_column][vc_row_inner thb_max_width=\u00a0\u00bb\u00a0\u00bb][vc_column_inner width=\u00a0\u00bb1\/2&Prime; css=\u00a0\u00bb.vc_custom_1517926044471{padding-right: 10% !important;}\u00a0\u00bb][vc_empty_space height=\u00a0\u00bb30px\u00a0\u00bb][vc_empty_space height=\u00a0\u00bb30px\u00a0\u00bb][\/vc_column_inner][vc_column_inner width=\u00a0\u00bb1\/2&Prime; css=\u00a0\u00bb.vc_custom_1517926155974{padding-right: 10% !important;}\u00a0\u00bb][vc_empty_space height=\u00a0\u00bb30px\u00a0\u00bb][vc_empty_space height=\u00a0\u00bb30px\u00a0\u00bb][\/vc_column_inner][\/vc_row_inner][\/vc_column][\/vc_row][vc_row thb_full_width=\u00a0\u00bbtrue\u00a0\u00bb css=\u00a0\u00bb.vc_custom_1614009616145{padding-top: 5vh !important;padding-bottom: 2vh !important;background-color: #f1ece1 !important;}\u00a0\u00bb][vc_column][vc_column_text] A noter : tous nos massages sont non m\u00e9dicalis\u00e9s et non&hellip;","og_url":"https:\/\/douceheuredessens.fr\/index.php\/infos-pratiques\/","og_site_name":"Douce heure des sens","article_modified_time":"2024-12-16T08:46:08+00:00","twitter_card":"summary_large_image","twitter_misc":{"Dur\u00e9e de lecture estim\u00e9e":"3 minutes"},"schema":{"@context":"https:\/\/schema.org","@graph":[{"@type":"WebPage","@id":"https:\/\/douceheuredessens.fr\/index.php\/infos-pratiques\/","url":"https:\/\/douceheuredessens.fr\/index.php\/infos-pratiques\/","name":"Infos pratiques - Douce heure des sens","isPartOf":{"@id":"https:\/\/douceheuredessens.fr\/#website"},"datePublished":"2020-04-08T13:31:43+00:00","dateModified":"2024-12-16T08:46:08+00:00","breadcrumb":{"@id":"https:\/\/douceheuredessens.fr\/index.php\/infos-pratiques\/#breadcrumb"},"inLanguage":"fr-FR","potentialAction":[{"@type":"ReadAction","target":["https:\/\/douceheuredessens.fr\/index.php\/infos-pratiques\/"]}]},{"@type":"BreadcrumbList","@id":"https:\/\/douceheuredessens.fr\/index.php\/infos-pratiques\/#breadcrumb","itemListElement":[{"@type":"ListItem","position":1,"name":"Accueil","item":"https:\/\/douceheuredessens.fr\/"},{"@type":"ListItem","position":2,"name":"Infos pratiques"}]},{"@type":"WebSite","@id":"https:\/\/douceheuredessens.fr\/#website","url":"https:\/\/douceheuredessens.fr\/","name":"Douce heure des sens","description":"Un instant de bonheur hors du temps","publisher":{"@id":"https:\/\/douceheuredessens.fr\/#organization"},"potentialAction":[{"@type":"SearchAction","target":{"@type":"EntryPoint","urlTemplate":"https:\/\/douceheuredessens.fr\/?s={search_term_string}"},"query-input":{"@type":"PropertyValueSpecification","valueRequired":true,"valueName":"search_term_string"}}],"inLanguage":"fr-FR"},{"@type":"Organization","@id":"https:\/\/douceheuredessens.fr\/#organization","name":"Douce heure des sens","url":"https:\/\/douceheuredessens.fr\/","logo":{"@type":"ImageObject","inLanguage":"fr-FR","@id":"https:\/\/douceheuredessens.fr\/#\/schema\/logo\/image\/","url":"https:\/\/douceheuredessens.fr\/wp-content\/uploads\/2020\/03\/logo-douceheuredessens.png","contentUrl":"https:\/\/douceheuredessens.fr\/wp-content\/uploads\/2020\/03\/logo-douceheuredessens.png","width":600,"height":236,"caption":"Douce heure des sens"},"image":{"@id":"https:\/\/douceheuredessens.fr\/#\/schema\/logo\/image\/"}}]}},"_links":{"self":[{"href":"https:\/\/douceheuredessens.fr\/index.php\/wp-json\/wp\/v2\/pages\/178","targetHints":{"allow":["GET"]}}],"collection":[{"href":"https:\/\/douceheuredessens.fr\/index.php\/wp-json\/wp\/v2\/pages"}],"about":[{"href":"https:\/\/douceheuredessens.fr\/index.php\/wp-json\/wp\/v2\/types\/page"}],"author":[{"embeddable":true,"href":"https:\/\/douceheuredessens.fr\/index.php\/wp-json\/wp\/v2\/users\/1"}],"replies":[{"embeddable":true,"href":"https:\/\/douceheuredessens.fr\/index.php\/wp-json\/wp\/v2\/comments?post=178"}],"version-history":[{"count":11,"href":"https:\/\/douceheuredessens.fr\/index.php\/wp-json\/wp\/v2\/pages\/178\/revisions"}],"predecessor-version":[{"id":4672,"href":"https:\/\/douceheuredessens.fr\/index.php\/wp-json\/wp\/v2\/pages\/178\/revisions\/4672"}],"wp:attachment":[{"href":"https:\/\/douceheuredessens.fr\/index.php\/wp-json\/wp\/v2\/media?parent=178"}],"curies":[{"name":"wp","href":"https:\/\/api.w.org\/{rel}","templated":true}]}}